{"id":4,"date":"2015-05-08T13:22:48","date_gmt":"2015-05-08T13:22:48","guid":{"rendered":"http:\/\/quanticalabs.com\/wptest\/carservice\/?page_id=4"},"modified":"2025-01-21T21:46:59","modified_gmt":"2025-01-21T20:46:59","slug":"home","status":"publish","type":"page","link":"https:\/\/smr-autokorrektur.de\/","title":{"rendered":"HOME"},"content":{"rendered":"<div class=\"wpb-content-wrapper\"><p>[vc_row type=&#8220;full-width&#8220;][vc_column][rev_slider_vc alias=&#8220;main&#8220;][\/vc_column][\/vc_row][vc_row type=&#8220;full-width&#8220; css=&#8220;.vc_custom_1439892689981{background-color: #f5f5f5 !important;}&#8220;][vc_column]<div class=\"announcement clearfix\">\r\n\t\t\t\t\t<div class=\"vc_row wpb_row vc_row-fluid\">\r\n\t\t\t\t\t\t<div class=\"vc_col-sm-8 wpb_column vc_column_container\">\r\n\t\t\t\t\t\t\t<div class=\"vertical-align\">\r\n\t\t\t\t\t\t\t\t<div class=\"vertical-align-cell\">\r\n\t\t\t\t\t\t\t\t\t<h3>JETZT TERMIN BEQUEM ONLINE VEREINBAREN<\/h3>\r\n\t\t\t\t\t\t\t\t<\/div>\r\n\t\t\t\t\t\t\t<\/div>\r\n\t\t\t\t\t\t<\/div><div class=\"vc_col-sm-4 wpb_column vc_column_container\">\r\n\t\t\t\t\t\t<div class=\"vertical-align\">\r\n\t\t\t\t\t\t\t<div class=\"vertical-align-cell\">\r\n\t\t\t\t\t\t\t\t<a title=\"ZUR ONLINE-TERMINANFRAGE\" href=\"http:\/\/smr-autokorrektur.de\/?page_id=880\" class=\"more\"><span>ZUR ONLINE-TERMINANFRAGE<\/span><\/a>\r\n\t\t\t\t\t\t\t<\/div>\r\n\t\t\t\t\t\t<\/div>\r\n\t\t\t\t\t<\/div><\/div>\r\n\t\t\t<\/div>[\/vc_column][\/vc_row][vc_row top_margin=&#8220;page-margin-top-section&#8220;][vc_column el_id=&#8220;ueber-uns&#8220;]<h2 class=\" box-header\">\u00dcBER UNS<\/h2>[vc_column_text css=&#8220;&#8220; el_class=&#8220;description align-center&#8220;]Die SMR Autokorrektur GmbH ist Ihre zuverl\u00e4ssige Kfz-Werkstatt in Oestrich-Winkel. Unter der Leitung von Gesch\u00e4ftsf\u00fchrer Stefan Altlay bieten wir unseren Kunden professionelle Fahrzeugwartung und -reparatur auf h\u00f6chstem Niveau. Unser erfahrenes Team k\u00fcmmert sich um alle Fahrzeugmarken und garantiert einen erstklassigen Service, egal ob f\u00fcr Routinechecks oder anspruchsvolle Reparaturen. Wir setzen auf Qualit\u00e4t, Zuverl\u00e4ssigkeit und Kundenzufriedenheit, um sicherzustellen, dass Ihr Fahrzeug stets in besten H\u00e4nden ist.[\/vc_column_text][vc_row_inner top_margin=&#8220;page-margin-top&#8220;][vc_column_inner]<ul class=\"team-list clearfix\"><li class=\"vc_row wpb_row vc_row-fluid\"><ul><li class=\"team-box\"><a href=\"https:\/\/smr-autokorrektur.de\/?ql_team=stefan-altlay\" title=\"STEFAN ALTLAY\"><\/a><div class=\"team-content\"><h4 class=\"box-header\"><a href=\"https:\/\/smr-autokorrektur.de\/?ql_team=stefan-altlay\" title=\"STEFAN ALTLAY\">STEFAN ALTLAY<\/a><span>GESCH\u00c4FTSF\u00dcHRER<\/span><\/h4><\/div><\/li><\/ul><\/li><\/ul>[\/vc_column_inner][\/vc_row_inner][\/vc_column][\/vc_row][vc_row type=&#8220;full-width&#8220; top_margin=&#8220;page-margin-top-section&#8220;][vc_column el_id=&#8220;leistungen&#8220;]<h2 class=\" box-header\">UNSERE LEISTUNGEN<\/h2>[vc_column_text css=&#8220;&#8220; el_class=&#8220;description align-center&#8220;]<\/p>\n<h2>Automatikgetriebe\u00f6l-Wechsel und Sp\u00fclung<\/h2>\n<p>Unsere Werkstatt bietet Ihnen eine professionelle Getriebesp\u00fclung mittels des modernen Gear Tronic II-Systems.<br \/>\nDieses Verfahren erm\u00f6glicht einen nahezu vollst\u00e4ndigen Austausch des Getriebe\u00f6ls, ohne Vermischung von Alt- und Frisch\u00f6l.<br \/>\nDamit wird die Effizienz und Lebensdauer Ihres Automatikgetriebes deutlich verbessert.<br \/>\nDurch den Einsatz von hochwertigen Liqui Moly \u00d6len und Reinigern reduzieren wir Verschlei\u00df und sch\u00fctzen vor kostspieligen Getriebesch\u00e4den.<br \/>\nUnsere individuelle Beratung stellt sicher, dass Ihre speziellen Anforderungen ber\u00fccksichtigt werden.[\/vc_column_text][vc_row_inner top_margin=&#8220;page-margin-top-section&#8220;][vc_column_inner width=&#8220;1\/3&#8243;]<div class=\"feature-item\"><h5>R\u00e4der- &amp; Reifenservice<\/h5><div class=\"icon sl-small-car-wheel\"><\/div><p>R\u00e4derwechsel mit und ohne Einlagerung, Reifenmontage &amp; Auswuchten, RDKS Sensoren anlernen und erneuern, Beschaffung von Reifen, Felgen &amp; Komplettrads\u00e4tzen.<br \/>\nWir finden immer eine L\u00f6sung um jeden Kunden zufrieden zu stellen.<\/p><\/div><div class=\"feature-item\"><h5>Klimaanlagen-Service<\/h5><div class=\"icon sl-small-air-conditioning\"><\/div><p>Unser A\/C Service sorgt f\u00fcr eine fachgerechte Nachf\u00fcllung des K\u00e4ltemittels, um eine effiziente K\u00fchlung in Ihrem Fahrzeug sicherzustellen. Genie\u00dfen Sie jederzeit eine angenehm temperierte Fahrt.<\/p><\/div>[\/vc_column_inner][vc_column_inner width=&#8220;1\/3&#8243;]<div class=\"feature-item\"><h5>\u00d6lwechsel-Service<\/h5><div class=\"icon sl-small-car-oil\"><\/div><p>Regelm\u00e4\u00dfige \u00d6lwechsel sind entscheidend f\u00fcr die Langlebigkeit und Leistung Ihres Motors. In unserer Werkstatt verwenden wir nur hochwertige \u00d6le, um die optimale Schmierung und den Schutz Ihres Motors zu gew\u00e4hrleisten. Lassen Sie den \u00d6lwechsel rechtzeitig durchf\u00fchren, um Verschlei\u00df zu vermeiden und die Effizienz Ihres Fahrzeugs zu maximieren.<\/p><\/div><div class=\"feature-item\"><h5>Parksensoren-Kalibrierung<\/h5><div class=\"icon sl-small-parking-sensor\"><\/div><p>Wir bieten pr\u00e4zise Kalibrierung Ihrer Parksensoren, um eine optimale Funktion sicherzustellen. So unterst\u00fctzen sie Sie zuverl\u00e4ssig beim Einparken und verbessern die Sicherheit Ihres Fahrzeugs.<\/p><\/div>[\/vc_column_inner][vc_column_inner width=&#8220;1\/3&#8243;]<div class=\"feature-item\"><h5>Motor-Diagnose<\/h5><div class=\"icon sl-small-signal-warning\"><\/div><p>Mit unserem Motor-Diagnose-Service identifizieren wir schnell und pr\u00e4zise Fehler oder Probleme in Ihrem Motor. Durch modernste Technik sorgen wir f\u00fcr eine effiziente Wartung und Reparatur, um die Leistung Ihres Fahrzeugs zu optimieren.<\/p><\/div><div class=\"feature-item\"><h5>Autoglas<\/h5><div class=\"icon sl-small-windshield\"><\/div><p>Ob Steinschlag oder Riss in Ihrer Scheibe. Wir schauen uns das Problem an und entscheiden ob eine Reparatur ausreicht, oder die Scheibe ausgetauscht werden muss. Au\u00dferdem sorgen wir nicht nur f\u00fcr einen fachgerechten Austausch, sondern k\u00f6nnen auch direkt mit Ihrer Versicherung abrechnen.<\/p><\/div>[\/vc_column_inner][\/vc_row_inner][\/vc_column][\/vc_row][vc_row css=&#8220;.vc_custom_1523619985419{margin-bottom: 40px !important;}&#8220;][vc_column el_id=&#8220;bildergalerie&#8220;]<h2 class=\" box-header\">BILDERGALERIE<\/h2>[vc_gallery type=&#8220;image_grid&#8220; images=&#8220;919,1375,1374,1373,1372,1371,1370,1369,1368,1365,1178,921,922,928,10,9&#8243; img_size=&#8220;291&#215;200&#8243; css=&#8220;.vc_custom_1725823923894{margin-top: 30px !important;padding-top: 0px !important;padding-right: 0px !important;padding-bottom: 0px !important;padding-left: 0px !important;}&#8220;][\/vc_column][\/vc_row][vc_row][vc_column][\/vc_column][\/vc_row]<\/p>\n<\/div>","protected":false},"excerpt":{"rendered":"<p>[vc_row type=&#8220;full-width&#8220;][vc_column][rev_slider_vc alias=&#8220;main&#8220;][\/vc_column][\/vc_row][vc_row type=&#8220;full-width&#8220; css=&#8220;.vc_custom_1439892689981{background-color: #f5f5f5 !important;}&#8220;][vc_column][\/vc_column][\/vc_row][vc_row top_margin=&#8220;page-margin-top-section&#8220;][vc_column el_id=&#8220;ueber-uns&#8220;][vc_column_text css=&#8220;&#8220; el_class=&#8220;description align-center&#8220;]Die SMR Autokorrektur GmbH ist Ihre zuverl\u00e4ssige Kfz-Werkstatt in Oestrich-Winkel. Unter der Leitung von Gesch\u00e4ftsf\u00fchrer Stefan Altlay bieten wir unseren Kunden professionelle Fahrzeugwartung und -reparatur auf h\u00f6chstem Niveau. Unser erfahrenes Team k\u00fcmmert sich um alle Fahrzeugmarken und garantiert einen erstklassigen Service, egal ob f\u00fcr<\/p>\n","protected":false},"author":1,"featured_media":0,"parent":0,"menu_order":0,"comment_status":"open","ping_status":"open","template":"template-default-without-breadcrumbs.php","meta":{"footnotes":""},"class_list":["post-4","page","type-page","status-publish","hentry"],"_links":{"self":[{"href":"https:\/\/smr-autokorrektur.de\/index.php?rest_route=\/wp\/v2\/pages\/4","targetHints":{"allow":["GET"]}}],"collection":[{"href":"https:\/\/smr-autokorrektur.de\/index.php?rest_route=\/wp\/v2\/pages"}],"about":[{"href":"https:\/\/smr-autokorrektur.de\/index.php?rest_route=\/wp\/v2\/types\/page"}],"author":[{"embeddable":true,"href":"https:\/\/smr-autokorrektur.de\/index.php?rest_route=\/wp\/v2\/users\/1"}],"replies":[{"embeddable":true,"href":"https:\/\/smr-autokorrektur.de\/index.php?rest_route=%2Fwp%2Fv2%2Fcomments&post=4"}],"version-history":[{"count":35,"href":"https:\/\/smr-autokorrektur.de\/index.php?rest_route=\/wp\/v2\/pages\/4\/revisions"}],"predecessor-version":[{"id":1404,"href":"https:\/\/smr-autokorrektur.de\/index.php?rest_route=\/wp\/v2\/pages\/4\/revisions\/1404"}],"wp:attachment":[{"href":"https:\/\/smr-autokorrektur.de\/index.php?rest_route=%2Fwp%2Fv2%2Fmedia&parent=4"}],"curies":[{"name":"wp","href":"https:\/\/api.w.org\/{rel}","templated":true}]}}