{"id":1225,"date":"2018-04-03T16:11:55","date_gmt":"2018-04-03T14:11:55","guid":{"rendered":"http:\/\/smr-autokorrektur.de\/?page_id=1225"},"modified":"2024-09-10T13:43:15","modified_gmt":"2024-09-10T11:43:15","slug":"impressum","status":"publish","type":"page","link":"https:\/\/smr-autokorrektur.de\/?page_id=1225","title":{"rendered":"Impressum"},"content":{"rendered":"<div class=\"wpb-content-wrapper\"><p>[vc_row][vc_column][vc_column_text css=&#8220;&#8220;]<strong>Impressum<\/strong><\/p>\n<p>SMR Autokorrektur GmbH<br \/>\nAdalbert-Stifter-Stra\u00dfe 15<br \/>\n65375 Oestrich-Winkel<\/p>\n<p>Vertreten durch den Gesch\u00e4ftsf\u00fchrer:<br \/>\nStefan Altlay<\/p>\n<p>Telefon: 06723\/676 9999<br \/>\nE-Mail: <a rel=\"noopener\">info@smr-autokorrektur.de<\/a><\/p>\n<p>Handelsregister:<br \/>\nHRB 30157<br \/>\nAmtsgericht Wiesbaden<\/p>\n<p>Umsatzsteuer-Identifikationsnummer gem\u00e4\u00df \u00a7 27 a Umsatzsteuergesetz: DE316454163<\/p>\n<p>Inhaltlich Verantwortlicher gem\u00e4\u00df \u00a7 55 Abs. 2 RStV:<br \/>\nStefan Altlay (Adresse wie oben)[\/vc_column_text][\/vc_column][\/vc_row]<\/p>\n<\/div>","protected":false},"excerpt":{"rendered":"<p>[vc_row][vc_column][vc_column_text css=&#8220;&#8220;]Impressum SMR Autokorrektur GmbH Adalbert-Stifter-Stra\u00dfe 15 65375 Oestrich-Winkel Vertreten durch den Gesch\u00e4ftsf\u00fchrer: Stefan Altlay Telefon: 06723\/676 9999 E-Mail: info@smr-autokorrektur.de Handelsregister: HRB 30157 Amtsgericht Wiesbaden Umsatzsteuer-Identifikationsnummer gem\u00e4\u00df \u00a7 27 a Umsatzsteuergesetz: DE316454163 Inhaltlich Verantwortlicher gem\u00e4\u00df \u00a7 55 Abs. 2 RStV: Stefan Altlay (Adresse wie oben)[\/vc_column_text][\/vc_column][\/vc_row]<\/p>\n","protected":false},"author":1,"featured_media":0,"parent":0,"menu_order":0,"comment_status":"closed","ping_status":"closed","template":"","meta":{"footnotes":""},"class_list":["post-1225","page","type-page","status-publish","hentry"],"_links":{"self":[{"href":"https:\/\/smr-autokorrektur.de\/index.php?rest_route=\/wp\/v2\/pages\/1225","targetHints":{"allow":["GET"]}}],"collection":[{"href":"https:\/\/smr-autokorrektur.de\/index.php?rest_route=\/wp\/v2\/pages"}],"about":[{"href":"https:\/\/smr-autokorrektur.de\/index.php?rest_route=\/wp\/v2\/types\/page"}],"author":[{"embeddable":true,"href":"https:\/\/smr-autokorrektur.de\/index.php?rest_route=\/wp\/v2\/users\/1"}],"replies":[{"embeddable":true,"href":"https:\/\/smr-autokorrektur.de\/index.php?rest_route=%2Fwp%2Fv2%2Fcomments&post=1225"}],"version-history":[{"count":2,"href":"https:\/\/smr-autokorrektur.de\/index.php?rest_route=\/wp\/v2\/pages\/1225\/revisions"}],"predecessor-version":[{"id":1385,"href":"https:\/\/smr-autokorrektur.de\/index.php?rest_route=\/wp\/v2\/pages\/1225\/revisions\/1385"}],"wp:attachment":[{"href":"https:\/\/smr-autokorrektur.de\/index.php?rest_route=%2Fwp%2Fv2%2Fmedia&parent=1225"}],"curies":[{"name":"wp","href":"https:\/\/api.w.org\/{rel}","templated":true}]}}